{"id":2,"date":"2025-05-26T09:06:44","date_gmt":"2025-05-26T09:06:44","guid":{"rendered":"https:\/\/glc.sv\/?page_id=2"},"modified":"2025-08-06T17:59:16","modified_gmt":"2025-08-06T23:59:16","slug":"index","status":"publish","type":"page","link":"https:\/\/glc.sv\/","title":{"rendered":"Index"},"content":{"rendered":"<p><style>img:is([sizes=\"auto\" i], [sizes^=\"auto,\" i]) { contain-intrinsic-size: 3000px 1500px }<\/style>\n<\/p>\n<p>\u00a0<\/p>\n<p><style id='wp-emoji-styles-inline-css'>\n\timg.wp-smiley, img.emoji {\n\t\tdisplay: inline !important;\n\t\tborder: none !important;\n\t\tbox-shadow: none !important;\n\t\theight: 1em !important;\n\t\twidth: 1em !important;\n\t\tmargin: 0 0.07em !important;\n\t\tvertical-align: -0.1em !important;\n\t\tbackground: none !important;\n\t\tpadding: 0 !important;\n\t}\n<\/style>\n<\/p>\n<p>\u00a0<\/p>\n<p><style id='classic-theme-styles-inline-css'>\n\/*! This file is auto-generated *\/\n.wp-block-button__link{color:#fff;background-color:#32373c;border-radius:9999px;box-shadow:none;text-decoration:none;padding:calc(.667em + 2px) calc(1.333em + 2px);font-size:1.125em}.wp-block-file__button{background:#32373c;color:#fff;text-decoration:none}\n<\/style>\n<style id='global-styles-inline-css'>\n:root{--wp--preset--aspect-ratio--square: 1;--wp--preset--aspect-ratio--4-3: 4\/3;--wp--preset--aspect-ratio--3-4: 3\/4;--wp--preset--aspect-ratio--3-2: 3\/2;--wp--preset--aspect-ratio--2-3: 2\/3;--wp--preset--aspect-ratio--16-9: 16\/9;--wp--preset--aspect-ratio--9-16: 9\/16;--wp--preset--color--black: #000000;--wp--preset--color--cyan-bluish-gray: #abb8c3;--wp--preset--color--white: #ffffff;--wp--preset--color--pale-pink: #f78da7;--wp--preset--color--vivid-red: #cf2e2e;--wp--preset--color--luminous-vivid-orange: #ff6900;--wp--preset--color--luminous-vivid-amber: #fcb900;--wp--preset--color--light-green-cyan: #7bdcb5;--wp--preset--color--vivid-green-cyan: #00d084;--wp--preset--color--pale-cyan-blue: #8ed1fc;--wp--preset--color--vivid-cyan-blue: #0693e3;--wp--preset--color--vivid-purple: #9b51e0;--wp--preset--gradient--vivid-cyan-blue-to-vivid-purple: linear-gradient(135deg,rgba(6,147,227,1) 0%,rgb(155,81,224) 100%);--wp--preset--gradient--light-green-cyan-to-vivid-green-cyan: linear-gradient(135deg,rgb(122,220,180) 0%,rgb(0,208,130) 100%);--wp--preset--gradient--luminous-vivid-amber-to-luminous-vivid-orange: linear-gradient(135deg,rgba(252,185,0,1) 0%,rgba(255,105,0,1) 100%);--wp--preset--gradient--luminous-vivid-orange-to-vivid-red: linear-gradient(135deg,rgba(255,105,0,1) 0%,rgb(207,46,46) 100%);--wp--preset--gradient--very-light-gray-to-cyan-bluish-gray: linear-gradient(135deg,rgb(238,238,238) 0%,rgb(169,184,195) 100%);--wp--preset--gradient--cool-to-warm-spectrum: linear-gradient(135deg,rgb(74,234,220) 0%,rgb(151,120,209) 20%,rgb(207,42,186) 40%,rgb(238,44,130) 60%,rgb(251,105,98) 80%,rgb(254,248,76) 100%);--wp--preset--gradient--blush-light-purple: linear-gradient(135deg,rgb(255,206,236) 0%,rgb(152,150,240) 100%);--wp--preset--gradient--blush-bordeaux: linear-gradient(135deg,rgb(254,205,165) 0%,rgb(254,45,45) 50%,rgb(107,0,62) 100%);--wp--preset--gradient--luminous-dusk: linear-gradient(135deg,rgb(255,203,112) 0%,rgb(199,81,192) 50%,rgb(65,88,208) 100%);--wp--preset--gradient--pale-ocean: linear-gradient(135deg,rgb(255,245,203) 0%,rgb(182,227,212) 50%,rgb(51,167,181) 100%);--wp--preset--gradient--electric-grass: linear-gradient(135deg,rgb(202,248,128) 0%,rgb(113,206,126) 100%);--wp--preset--gradient--midnight: linear-gradient(135deg,rgb(2,3,129) 0%,rgb(40,116,252) 100%);--wp--preset--font-size--small: 13px;--wp--preset--font-size--medium: 20px;--wp--preset--font-size--large: 36px;--wp--preset--font-size--x-large: 42px;--wp--preset--spacing--20: 0.44rem;--wp--preset--spacing--30: 0.67rem;--wp--preset--spacing--40: 1rem;--wp--preset--spacing--50: 1.5rem;--wp--preset--spacing--60: 2.25rem;--wp--preset--spacing--70: 3.38rem;--wp--preset--spacing--80: 5.06rem;--wp--preset--shadow--natural: 6px 6px 9px rgba(0, 0, 0, 0.2);--wp--preset--shadow--deep: 12px 12px 50px rgba(0, 0, 0, 0.4);--wp--preset--shadow--sharp: 6px 6px 0px rgba(0, 0, 0, 0.2);--wp--preset--shadow--outlined: 6px 6px 0px -3px rgba(255, 255, 255, 1), 6px 6px rgba(0, 0, 0, 1);--wp--preset--shadow--crisp: 6px 6px 0px rgba(0, 0, 0, 1);}:where(.is-layout-flex){gap: 0.5em;}:where(.is-layout-grid){gap: 0.5em;}body .is-layout-flex{display: flex;}.is-layout-flex{flex-wrap: wrap;align-items: center;}.is-layout-flex > :is(*, div){margin: 0;}body .is-layout-grid{display: grid;}.is-layout-grid > :is(*, div){margin: 0;}:where(.wp-block-columns.is-layout-flex){gap: 2em;}:where(.wp-block-columns.is-layout-grid){gap: 2em;}:where(.wp-block-post-template.is-layout-flex){gap: 1.25em;}:where(.wp-block-post-template.is-layout-grid){gap: 1.25em;}.has-black-color{color: var(--wp--preset--color--black) !important;}.has-cyan-bluish-gray-color{color: var(--wp--preset--color--cyan-bluish-gray) !important;}.has-white-color{color: var(--wp--preset--color--white) !important;}.has-pale-pink-color{color: var(--wp--preset--color--pale-pink) !important;}.has-vivid-red-color{color: var(--wp--preset--color--vivid-red) !important;}.has-luminous-vivid-orange-color{color: var(--wp--preset--color--luminous-vivid-orange) !important;}.has-luminous-vivid-amber-color{color: var(--wp--preset--color--luminous-vivid-amber) !important;}.has-light-green-cyan-color{color: var(--wp--preset--color--light-green-cyan) !important;}.has-vivid-green-cyan-color{color: var(--wp--preset--color--vivid-green-cyan) !important;}.has-pale-cyan-blue-color{color: var(--wp--preset--color--pale-cyan-blue) !important;}.has-vivid-cyan-blue-color{color: var(--wp--preset--color--vivid-cyan-blue) !important;}.has-vivid-purple-color{color: var(--wp--preset--color--vivid-purple) !important;}.has-black-background-color{background-color: var(--wp--preset--color--black) !important;}.has-cyan-bluish-gray-background-color{background-color: var(--wp--preset--color--cyan-bluish-gray) !important;}.has-white-background-color{background-color: var(--wp--preset--color--white) !important;}.has-pale-pink-background-color{background-color: var(--wp--preset--color--pale-pink) !important;}.has-vivid-red-background-color{background-color: var(--wp--preset--color--vivid-red) !important;}.has-luminous-vivid-orange-background-color{background-color: var(--wp--preset--color--luminous-vivid-orange) !important;}.has-luminous-vivid-amber-background-color{background-color: var(--wp--preset--color--luminous-vivid-amber) !important;}.has-light-green-cyan-background-color{background-color: var(--wp--preset--color--light-green-cyan) !important;}.has-vivid-green-cyan-background-color{background-color: var(--wp--preset--color--vivid-green-cyan) !important;}.has-pale-cyan-blue-background-color{background-color: var(--wp--preset--color--pale-cyan-blue) !important;}.has-vivid-cyan-blue-background-color{background-color: var(--wp--preset--color--vivid-cyan-blue) !important;}.has-vivid-purple-background-color{background-color: var(--wp--preset--color--vivid-purple) !important;}.has-black-border-color{border-color: var(--wp--preset--color--black) !important;}.has-cyan-bluish-gray-border-color{border-color: var(--wp--preset--color--cyan-bluish-gray) !important;}.has-white-border-color{border-color: var(--wp--preset--color--white) !important;}.has-pale-pink-border-color{border-color: var(--wp--preset--color--pale-pink) !important;}.has-vivid-red-border-color{border-color: var(--wp--preset--color--vivid-red) !important;}.has-luminous-vivid-orange-border-color{border-color: var(--wp--preset--color--luminous-vivid-orange) !important;}.has-luminous-vivid-amber-border-color{border-color: var(--wp--preset--color--luminous-vivid-amber) !important;}.has-light-green-cyan-border-color{border-color: var(--wp--preset--color--light-green-cyan) !important;}.has-vivid-green-cyan-border-color{border-color: var(--wp--preset--color--vivid-green-cyan) !important;}.has-pale-cyan-blue-border-color{border-color: var(--wp--preset--color--pale-cyan-blue) !important;}.has-vivid-cyan-blue-border-color{border-color: var(--wp--preset--color--vivid-cyan-blue) !important;}.has-vivid-purple-border-color{border-color: var(--wp--preset--color--vivid-purple) !important;}.has-vivid-cyan-blue-to-vivid-purple-gradient-background{background: var(--wp--preset--gradient--vivid-cyan-blue-to-vivid-purple) !important;}.has-light-green-cyan-to-vivid-green-cyan-gradient-background{background: var(--wp--preset--gradient--light-green-cyan-to-vivid-green-cyan) !important;}.has-luminous-vivid-amber-to-luminous-vivid-orange-gradient-background{background: var(--wp--preset--gradient--luminous-vivid-amber-to-luminous-vivid-orange) !important;}.has-luminous-vivid-orange-to-vivid-red-gradient-background{background: var(--wp--preset--gradient--luminous-vivid-orange-to-vivid-red) !important;}.has-very-light-gray-to-cyan-bluish-gray-gradient-background{background: var(--wp--preset--gradient--very-light-gray-to-cyan-bluish-gray) !important;}.has-cool-to-warm-spectrum-gradient-background{background: var(--wp--preset--gradient--cool-to-warm-spectrum) !important;}.has-blush-light-purple-gradient-background{background: var(--wp--preset--gradient--blush-light-purple) !important;}.has-blush-bordeaux-gradient-background{background: var(--wp--preset--gradient--blush-bordeaux) !important;}.has-luminous-dusk-gradient-background{background: var(--wp--preset--gradient--luminous-dusk) !important;}.has-pale-ocean-gradient-background{background: var(--wp--preset--gradient--pale-ocean) !important;}.has-electric-grass-gradient-background{background: var(--wp--preset--gradient--electric-grass) !important;}.has-midnight-gradient-background{background: var(--wp--preset--gradient--midnight) !important;}.has-small-font-size{font-size: var(--wp--preset--font-size--small) !important;}.has-medium-font-size{font-size: var(--wp--preset--font-size--medium) !important;}.has-large-font-size{font-size: var(--wp--preset--font-size--large) !important;}.has-x-large-font-size{font-size: var(--wp--preset--font-size--x-large) !important;}\n:where(.wp-block-post-template.is-layout-flex){gap: 1.25em;}:where(.wp-block-post-template.is-layout-grid){gap: 1.25em;}\n:where(.wp-block-columns.is-layout-flex){gap: 2em;}:where(.wp-block-columns.is-layout-grid){gap: 2em;}\n:root :where(.wp-block-pullquote){font-size: 1.5em;line-height: 1.6;}\n<\/style>\n<\/p>\n<p>\u00a0<\/p>\n<p><style id=\"wp-custom-css\">\n\t\t\t.menu-item.menu-item-type-custom {\n\tbackground: #D3B142;\n\tborder-radius:25px;\t\n}\n.menu-item.menu-item-type-custom:hover {\n}\n.menu-item.menu-item-type-custom a {\n\tcolor:#fff;\n\tfont-weight:600;\n\tfont-size:.92em;\n}\t\t<\/style>\n<\/p>\n<p><a href=\"#content\">Skip to content<\/a><\/p>\n<header id=\"site-header\">\n<a href=\"https:\/\/glc.sv\/\" rel=\"home\" aria-current=\"page\"><img decoding=\"async\" src=\"https:\/\/glc.sv\/wp-content\/uploads\/2025\/05\/glc-logo.png\" alt=\"Gran Logia Cuscatl\u00e1n\" width=\"235\" height=\"90\" \/><\/a><\/p>\n<nav aria-label=\"Main menu\">\n<ul id=\"menu-main-menu\">\n<li id=\"menu-item-29\"><a href=\"https:\/\/glc.sv\/\" aria-current=\"page\">Inicio<\/a><\/li>\n<li id=\"menu-item-52\"><a href=\"https:\/\/glc.sv\/historia-de-la-masoneria.php\">Historia de la Masoner\u00eda<\/a><\/li>\n<li id=\"menu-item-50\"><a href=\"https:\/\/glc.sv\/masoneria-en-el-salvador.php\">Masoner\u00eda en El Salvador<\/a><\/li>\n<li id=\"menu-item-51\"><a href=\"https:\/\/glc.sv\/logias-simbolicas.php\">Logias Simb\u00f3licas<\/a><\/li>\n<li id=\"menu-item-28\"><a href=\"https:\/\/forms.gle\/3sDeS8XEW4MqW88y5\">Entra a la Orden<\/a><\/li>\n<\/ul>\n<\/nav>\n<\/header>\n<p><main id=\"content\"><\/p>\n<h1>Home<\/h1>\n<h1>Gran Logia Cuscatl\u00e1n<br \/>de El Salvador<\/h1>\n<h4>Fundada en 1912<\/h4>\n<p><img fetchpriority=\"high\" decoding=\"async\" src=\"https:\/\/glc.sv\/wp-content\/uploads\/2025\/05\/glc-temple.jpg\" sizes=\"auto, (max-width: 640px) 100vw, 640px\" srcset=\"https:\/\/glc.sv\/wp-content\/uploads\/2025\/05\/glc-temple.jpg 640w, https:\/\/glc.sv\/wp-content\/uploads\/2025\/05\/glc-temple-300x146.jpg 300w\" alt=\"\" width=\"640\" height=\"312\" \/><\/p>\n<h4>17 Logias Simb\u00f3licas<\/h4>\n<p>Valles de Santa Ana, Sonsonate, San Salvador y San Miguel.<\/p>\n<h4>Miembro de CMI<\/h4>\n<p>Confederaci\u00f3n Mas\u00f3nica Interamericana, zona 3.<\/p>\n<h4>Ritos practicados<\/h4>\n<p>R.E.A.A. y Rito York.<\/p>\n<h2>Bienvenido<\/h2>\n<h5>La Masoner\u00eda es una entidad que se define como una escuela de moral y de virtud, que procura la evoluci\u00f3n interior de todos sus miembros. Sus or\u00edgenes se remontan a d\u00edas tan antiguos en la historia como el arte mismo de la construcci\u00f3n.<\/h5>\n<p>Hace siglos, obreros y arquitectos en diversas regiones se agremiaron para fortalecerse y preservar de mejor forma sus contratos y sus ancestrales secretos operativos de construcci\u00f3n de edificios y catedrales. Las obras de estos constructores se extienden por todo el viejo continente, y esconden conocimientos que maravillan a las nuevas generaciones, pues aun con el paso de milenios contin\u00faan expresando su silencioso mensaje de armon\u00eda, belleza y perfecci\u00f3n.<\/p>\n<p>Tanto el paleol\u00edtico monumento de Stonehenge, las milenarias pir\u00e1mides de Egipto, o el num\u00e9ricamente perfecto Parten\u00f3n; o las m\u00e1s recientes abad\u00edas de Cluny en Francia, de Colonia en Alemania, o la majestuosa Notre Dame, todos estos monumentos guardan una sorprende relaci\u00f3n con el cosmos y sus m\u00faltiples manifestaciones.<\/p>\n<p>Mas\u00f3n significa literalmente alba\u00f1il. Y pertenecer a esta augusta Orden tan antigua, es una oportunidad que debe ser dimensionada en la humilde y discreta posibilidad de un constructor, que se esfuerza en \u201cconstruirse\u201d a s\u00ed mismo, para contribuir as\u00ed a mejorar el Universo mismo.<\/p>\n<p>Muchos son los conocimientos y mitos que guardan las piedras trabajadas por los Masones de todas las \u00e9pocas. Algunos de ellos son tan pr\u00e1cticos y simples, que despiertan la imaginaci\u00f3n de personas incapaces de comprender cuestiones existenciales como \u201ccon\u00f3cete a ti mismo\u201d o \u201cmi reino no es de este mundo\u201d, verdades que la confusi\u00f3n de la vida moderna nos oculta y extrav\u00eda.<\/p>\n<p>En estas p\u00e1ginas encontrar\u00e1s, amigo visitante, algunas pistas para comprender el arduo camino del Mas\u00f3n, y las \u00e1reas de conocimiento que promovemos, orientado todo ello a estimular la fraternidad y el progreso de los hombres.<\/p>\n<p>Nuestro \u00fanico objetivo es lograr que despierten preguntas que permanecen dormidas en el coraz\u00f3n de mujeres y hombres, y que de alg\u00fan modo han sido respondidas por los grandes faros de la humanidad a trav\u00e9s de la historia; respuestas todas fecundadas con hermandad, tolerancia y amor inconmensurable por la humanidad, verdades que nosotros hemos honrado con edificios erigidos para asegurar que toda esa luz permanezca a pesar del paso de los siglos.<\/p>\n<p>Esperamos que tu visita sea grata y que tus preguntas comiencen a ser respondidas.<\/p>\n<p><img decoding=\"async\" src=\"https:\/\/glc.sv\/wp-content\/uploads\/2025\/05\/famous-freemasons.jpg\" sizes=\"auto, (max-width: 663px) 100vw, 663px\" srcset=\"https:\/\/glc.sv\/wp-content\/uploads\/2025\/05\/famous-freemasons.jpg 663w, https:\/\/glc.sv\/wp-content\/uploads\/2025\/05\/famous-freemasons-300x133.jpg 300w\" alt=\"\" width=\"663\" height=\"293\" \/><br \/><img loading=\"lazy\" decoding=\"async\" src=\"https:\/\/glc.sv\/wp-content\/uploads\/2025\/05\/reaa33-logo-150x150.png\" sizes=\"auto, (max-width: 150px) 100vw, 150px\" srcset=\"https:\/\/glc.sv\/wp-content\/uploads\/2025\/05\/reaa33-logo-150x150.png 150w, https:\/\/glc.sv\/wp-content\/uploads\/2025\/05\/reaa33-logo-300x300.png 300w, https:\/\/glc.sv\/wp-content\/uploads\/2025\/05\/reaa33-logo.png 640w\" alt=\"\" width=\"150\" height=\"150\" \/><br \/><img loading=\"lazy\" decoding=\"async\" src=\"https:\/\/glc.sv\/wp-content\/uploads\/2025\/05\/yorkrite-150x150.png\" sizes=\"auto, (max-width: 150px) 100vw, 150px\" srcset=\"https:\/\/glc.sv\/wp-content\/uploads\/2025\/05\/yorkrite-150x150.png 150w, https:\/\/glc.sv\/wp-content\/uploads\/2025\/05\/yorkrite-300x300.png 300w, https:\/\/glc.sv\/wp-content\/uploads\/2025\/05\/yorkrite-1024x1019.png 1024w, https:\/\/glc.sv\/wp-content\/uploads\/2025\/05\/yorkrite-768x765.png 768w, https:\/\/glc.sv\/wp-content\/uploads\/2025\/05\/yorkrite-1536x1529.png 1536w, https:\/\/glc.sv\/wp-content\/uploads\/2025\/05\/yorkrite-2048x2039.png 2048w\" alt=\"\" width=\"150\" height=\"150\" \/><\/p>\n<p><\/main><\/p>\n<footer id=\"site-footer\"><\/footer>\n<h2>A\u00f1ade aqu\u00ed tu texto de cabecera<\/h2>\n","protected":false},"excerpt":{"rendered":"<p>\u00a0 \u00a0 \u00a0 Skip to content Inicio Historia de la Masoner\u00eda Masoner\u00eda en El Salvador Logias Simb\u00f3licas Entra a la Orden Home Gran Logia Cuscatl\u00e1nde El Salvador Fundada en 1912 17 Logias Simb\u00f3licas Valles de Santa Ana, Sonsonate, San Salvador y San Miguel. Miembro de CMI Confederaci\u00f3n Mas\u00f3nica Interamericana, zona 3. Ritos practicados R.E.A.A. y [&hellip;]<\/p>\n","protected":false},"author":1,"featured_media":0,"parent":0,"menu_order":0,"comment_status":"closed","ping_status":"closed","template":"page-no-title","meta":{"footnotes":""},"class_list":["post-2","page","type-page","status-publish","hentry"],"_links":{"self":[{"href":"https:\/\/glc.sv\/index.php?rest_route=\/wp\/v2\/pages\/2","targetHints":{"allow":["GET"]}}],"collection":[{"href":"https:\/\/glc.sv\/index.php?rest_route=\/wp\/v2\/pages"}],"about":[{"href":"https:\/\/glc.sv\/index.php?rest_route=\/wp\/v2\/types\/page"}],"author":[{"embeddable":true,"href":"https:\/\/glc.sv\/index.php?rest_route=\/wp\/v2\/users\/1"}],"replies":[{"embeddable":true,"href":"https:\/\/glc.sv\/index.php?rest_route=%2Fwp%2Fv2%2Fcomments&post=2"}],"version-history":[{"count":5,"href":"https:\/\/glc.sv\/index.php?rest_route=\/wp\/v2\/pages\/2\/revisions"}],"predecessor-version":[{"id":71,"href":"https:\/\/glc.sv\/index.php?rest_route=\/wp\/v2\/pages\/2\/revisions\/71"}],"wp:attachment":[{"href":"https:\/\/glc.sv\/index.php?rest_route=%2Fwp%2Fv2%2Fmedia&parent=2"}],"curies":[{"name":"wp","href":"https:\/\/api.w.org\/{rel}","templated":true}]}}